{"id":1796,"date":"2024-06-27T12:04:05","date_gmt":"2024-06-27T09:04:05","guid":{"rendered":"https:\/\/drumvision.fi\/?page_id=1796"},"modified":"2025-06-09T17:58:37","modified_gmt":"2025-06-09T11:58:37","slug":"data-protection-and-register-description","status":"publish","type":"page","link":"https:\/\/drumvision.fi\/en\/tietosuoja-ja-rekisteriseloste\/","title":{"rendered":"Data protection and register description"},"content":{"rendered":"\t\t<div data-elementor-type=\"wp-page\" data-elementor-id=\"1796\" class=\"elementor elementor-1796\" data-elementor-post-type=\"page\">\n\t\t\t\t<div class=\"elementor-element elementor-element-b2ae66e e-flex e-con-boxed e-con e-parent\" data-id=\"b2ae66e\" data-element_type=\"container\" data-e-type=\"container\" data-settings=\"{&quot;jet_parallax_layout_list&quot;:[],&quot;background_background&quot;:&quot;classic&quot;}\">\n\t\t\t\t\t<div class=\"e-con-inner\">\n\t\t\t\t<div class=\"elementor-element elementor-element-feb6c86 elementor-widget elementor-widget-heading\" data-id=\"feb6c86\" data-element_type=\"widget\" data-e-type=\"widget\" data-widget_type=\"heading.default\">\n\t\t\t\t<div class=\"elementor-widget-container\">\n\t\t\t\t\t<h1 class=\"elementor-heading-title elementor-size-default\">Tietosuoja- ja rekisteriseloste <\/h1>\t\t\t\t<\/div>\n\t\t\t\t<\/div>\n\t\t\t\t<div class=\"elementor-element elementor-element-fb24fc0 elementor-widget elementor-widget-text-editor\" data-id=\"fb24fc0\" data-element_type=\"widget\" data-e-type=\"widget\" data-widget_type=\"text-editor.default\">\n\t\t\t\t<div class=\"elementor-widget-container\">\n\t\t\t\t\t\t\t\t\t<ol><li><span style=\"font-weight: 400;\"> Rekisterinpit\u00e4j\u00e4<\/span><\/li><\/ol><p><span style=\"font-weight: 400;\">Drum Vision Oy, Nastolantie 22, 00600 Helsinki<\/span><\/p><ol start=\"2\"><li><span style=\"font-weight: 400;\"> Rekisteriasioita hoitava henkil\u00f6<\/span><\/li><\/ol><p><span style=\"font-weight: 400;\">Aakusti Oksanen, aakusti [at] drumvision.fi<\/span><\/p><ol start=\"3\"><li><span style=\"font-weight: 400;\"> Rekisterin nimi<\/span><\/li><\/ol><p><span style=\"font-weight: 400;\">Drum Vision Oy:n liidi- ja asiakasrekisteri.<\/span><\/p><ol start=\"4\"><li><span style=\"font-weight: 400;\"> Rekisterin k\u00e4ytt\u00f6tarkoitus<\/span><\/li><\/ol><p><span style=\"font-weight: 400;\">Henkil\u00f6tietoja k\u00e4sitell\u00e4\u00e4n markkinointiin, asiakassuhteen hoitamiseen ja kehitt\u00e4miseen liittyen, laskutukseen, maksujen perint\u00e4\u00e4n, ja tilastollisiin tarkoituksiin. Suoramarkkinointiin tietoja k\u00e4ytet\u00e4\u00e4n vain voimassa olevan lains\u00e4\u00e4d\u00e4nn\u00f6n mukaisesti. Asiakkaalla on oikeus kielt\u00e4\u00e4 tietojen k\u00e4ytt\u00e4minen suoramarkkinointiin ilmoittamalla siit\u00e4 Drum Vision Oy:lle.<\/span><\/p><ol start=\"5\"><li><span style=\"font-weight: 400;\"> Rekisterin sis\u00e4lt\u00e4m\u00e4t tiedot<\/span><\/li><\/ol><ul><li><span style=\"font-weight: 400;\"> Nimi<\/span><\/li><li><span style=\"font-weight: 400;\"> Osoite<\/span><\/li><li><span style=\"font-weight: 400;\"> S\u00e4hk\u00f6postiosoite<\/span><\/li><li><span style=\"font-weight: 400;\"> Puhelinnumero<\/span><\/li><li><span style=\"font-weight: 400;\"> Tilaustiedot<\/span><\/li><li><span style=\"font-weight: 400;\"> Suoramarkkinointilupa<\/span><\/li><li><span style=\"font-weight: 400;\"> Asiakkaan ilmoittamat asiakassuhteen hoitoon ja\/tai markkinointiin liittyv\u00e4t tiedot<\/span><\/li><\/ul><p>\u00a0<\/p><ol start=\"6\"><li><span style=\"font-weight: 400;\"> Rekisterin s\u00e4\u00e4nn\u00f6nmukaiset tietol\u00e4hteet<\/span><\/li><\/ol><p><span style=\"font-weight: 400;\">Rekisteriin ker\u00e4t\u00e4\u00e4n tilastotietoja uutiskirjetilauksen, tuotetilauksen ja kilpailuihin osallistumisen yhteydess\u00e4.<\/span><\/p><ol start=\"7\"><li><span style=\"font-weight: 400;\"> Tietojen luovutus<\/span><\/li><\/ol><p><span style=\"font-weight: 400;\">Drum Vision Oy voi luovuttaa asiakastietoja voimassaolevan lains\u00e4\u00e4d\u00e4nn\u00f6n sallimissa ja velvoittamissa rajoissa.<\/span><\/p><ol start=\"8\"><li><span style=\"font-weight: 400;\"> Rekisterin suojauksen periaate<\/span><\/li><\/ol><p><span style=\"font-weight: 400;\">Rekisterinpit\u00e4j\u00e4n tietoj\u00e4rjestelm\u00e4 ja tiedostot on suojattu yritystoiminnassa normaalisti k\u00e4yt\u00f6ss\u00e4 olevilla teknisill\u00e4 suojausmenetelmill\u00e4. Rekisterin k\u00e4ytt\u00f6oikeus edellytt\u00e4\u00e4 henkil\u00f6kohtaista k\u00e4ytt\u00e4j\u00e4tunnusta ja salasanaa, jotka my\u00f6nnet\u00e4\u00e4n vain rekisterinpit\u00e4j\u00e4n henkil\u00f6kuntaan kuuluvalle, jonka asemaan ja teht\u00e4viin mainittu k\u00e4ytt\u00f6oikeus liittyy. Rekisterinpit\u00e4j\u00e4n tilojen osalta on k\u00e4yt\u00f6ss\u00e4 kulunvalvonta.<\/span><\/p><ol start=\"9\"><li><span style=\"font-weight: 400;\"> Yksityisyyden suoja ja ev\u00e4steiden k\u00e4ytt\u00f6<\/span><\/li><\/ol><p><span style=\"font-weight: 400;\">Ev\u00e4ste on pieni tekstitiedosto, jonka internet-selain tallentaa k\u00e4ytt\u00e4j\u00e4n laitteelle. Ev\u00e4steest\u00e4 ei ole laitteelle mink\u00e4\u00e4nlaista haittaa. Ev\u00e4steit\u00e4 k\u00e4ytet\u00e4\u00e4n verkkosivuilla muun muassa tiedon tekniseen v\u00e4litt\u00e4miseen ja palvelun k\u00e4yt\u00f6n helpottamiseksi.<\/span><\/p><p><span style=\"font-weight: 400;\">Drumvision.fi k\u00e4ytt\u00e4\u00e4 ev\u00e4steit\u00e4 muun muassa ker\u00e4\u00e4m\u00e4\u00e4n tilastoja k\u00e4vij\u00e4m\u00e4\u00e4rist\u00e4. Tilastoista ei voi yksil\u00f6id\u00e4 yksitt\u00e4ist\u00e4 k\u00e4ytt\u00e4j\u00e4\u00e4, vaan tiedot tallennetaan anonyymisti. Niit\u00e4 k\u00e4sitell\u00e4\u00e4n EU-alueen GDPR -lakien mukaisesti.<\/span><\/p><p><span style=\"font-weight: 400;\">K\u00e4ytt\u00e4j\u00e4 voi hyv\u00e4ksy\u00e4 tai olla hyv\u00e4ksym\u00e4tt\u00e4 ev\u00e4steiden k\u00e4yt\u00f6n internet-selaimensa asetuksista. Asetuksen muuttaminen riippuu k\u00e4yt\u00f6ss\u00e4 olevasta internet-selaimesta. On huomioitava, ett\u00e4 ev\u00e4steiden poistaminen k\u00e4yt\u00f6st\u00e4 voi aiheuttaa sen, ett\u00e4 osa sivuston toiminnallisuudesta tai palveluista lakkaa toimimasta.<\/span><\/p><ol start=\"10\"><li><span style=\"font-weight: 400;\"> Tietosuojaseloste<\/span><\/li><\/ol><p><span style=\"font-weight: 400;\">Emme ker\u00e4\u00e4 tarpeettomia tietoja. Emmek\u00e4 s\u00e4ilyt\u00e4 mit\u00e4\u00e4n tietoja turhaan. K\u00e4yt\u00e4nn\u00f6ss\u00e4 tietosi \u2013 tyypillisesti pelkk\u00e4 s\u00e4hk\u00f6postiosoite \u2013 siirtyy suojattuun tietokantaamme esimerkiksi silloin jos t\u00e4yt\u00e4t jonkun lomakkeen sivustollamme, miss\u00e4 pyyd\u00e4t meit\u00e4 l\u00e4hett\u00e4m\u00e4\u00e4n sinulle lis\u00e4\u00e4 tietoa. Voit pyyt\u00e4\u00e4 omien tietojen poistoa milloin vain s\u00e4hk\u00f6postitse aakusti at drumvision.fi. Mutta esimerkiksi uutiskirjeen voit helposti perua itse jokaisen uutiskirjeen lopussa olevasta linkist\u00e4, jolloin poistut tietokannasta, etk\u00e4 saa en\u00e4\u00e4 postia.<\/span><\/p><ol start=\"11\"><li><span style=\"font-weight: 400;\"> Affiliate-linkit<\/span><\/li><\/ol><p><span style=\"font-weight: 400;\">Sivustolla saattaa jatkossa tulla affiliate-linkkej\u00e4. Se tarkoittaa ett\u00e4 saatamme saada pienen palkkion, jos p\u00e4\u00e4dyt tilaamaan niiden kautta jotain jostain toisesta verkkokaupasta tai toiselta palveluntarjoajalta. Jos affiliate-linkkej\u00e4 tulee sivustolle, niist\u00e4 ilmoitetaan erikseen.\u00a0<\/span><\/p>\t\t\t\t\t\t\t\t<\/div>\n\t\t\t\t<\/div>\n\t\t\t\t<div class=\"elementor-element elementor-element-be9a5a4 elementor-widget elementor-widget-heading\" data-id=\"be9a5a4\" data-element_type=\"widget\" data-e-type=\"widget\" data-widget_type=\"heading.default\">\n\t\t\t\t<div class=\"elementor-widget-container\">\n\t\t\t\t\t<h2 class=\"elementor-heading-title elementor-size-default\">Ev\u00e4steasetukset<\/h2>\t\t\t\t<\/div>\n\t\t\t\t<\/div>\n\t\t\t\t<div class=\"elementor-element elementor-element-6454bfc elementor-widget elementor-widget-menu-anchor\" data-id=\"6454bfc\" data-element_type=\"widget\" data-e-type=\"widget\" data-widget_type=\"menu-anchor.default\">\n\t\t\t\t<div class=\"elementor-widget-container\">\n\t\t\t\t\t\t\t<div class=\"elementor-menu-anchor\" id=\"evasteasetukset\"><\/div>\n\t\t\t\t\t\t<\/div>\n\t\t\t\t<\/div>\n\t\t\t\t<div class=\"elementor-element elementor-element-94e1f06 elementor-widget elementor-widget-html\" data-id=\"94e1f06\" data-element_type=\"widget\" data-e-type=\"widget\" data-widget_type=\"html.default\">\n\t\t\t\t<div class=\"elementor-widget-container\">\n\t\t\t\t\t<div class=\"uc-embed\" uc-embed-show-toggle=\"true\"><\/div>\t\t\t\t<\/div>\n\t\t\t\t<\/div>\n\t\t\t\t<div class=\"elementor-element elementor-element-5b59d3b elementor-widget elementor-widget-n-accordion\" data-id=\"5b59d3b\" data-element_type=\"widget\" data-e-type=\"widget\" data-settings=\"{&quot;default_state&quot;:&quot;all_collapsed&quot;,&quot;max_items_expended&quot;:&quot;one&quot;,&quot;n_accordion_animation_duration&quot;:{&quot;unit&quot;:&quot;ms&quot;,&quot;size&quot;:400,&quot;sizes&quot;:[]}}\" data-widget_type=\"nested-accordion.default\">\n\t\t\t\t<div class=\"elementor-widget-container\">\n\t\t\t\t\t\t\t<div class=\"e-n-accordion\" aria-label=\"Accordion. Open links with Enter or Space, close with Escape, and navigate with Arrow Keys\">\n\t\t\t\t\t\t<details id=\"e-n-accordion-item-9570\" class=\"e-n-accordion-item\" >\n\t\t\t\t<summary class=\"e-n-accordion-item-title\" data-accordion-index=\"1\" tabindex=\"0\" aria-expanded=\"false\" aria-controls=\"e-n-accordion-item-9570\" >\n\t\t\t\t\t<span class='e-n-accordion-item-title-header'><div class=\"e-n-accordion-item-title-text\"> N\u00e4yt\u00e4 ev\u00e4steet ja seuranta <\/div><\/span>\n\t\t\t\t\t\t\t<span class='e-n-accordion-item-title-icon'>\n\t\t\t<span class='e-opened' ><i aria-hidden=\"true\" class=\"fas fa-minus\"><\/i><\/span>\n\t\t\t<span class='e-closed'><i aria-hidden=\"true\" class=\"fas fa-plus\"><\/i><\/span>\n\t\t<\/span>\n\n\t\t\t\t\t\t<\/summary>\n\t\t\t\t<div role=\"region\" aria-labelledby=\"e-n-accordion-item-9570\" class=\"elementor-element elementor-element-7d2e8e9 e-con-full e-flex e-con e-child\" data-id=\"7d2e8e9\" data-element_type=\"container\" data-e-type=\"container\" data-settings=\"{&quot;jet_parallax_layout_list&quot;:[]}\">\n\t\t\t\t<div class=\"elementor-element elementor-element-92a3e0f elementor-widget elementor-widget-html\" data-id=\"92a3e0f\" data-element_type=\"widget\" data-e-type=\"widget\" data-widget_type=\"html.default\">\n\t\t\t\t<div class=\"elementor-widget-container\">\n\t\t\t\t\t<div class=\"uc-embed-tracker\"><\/div>\t\t\t\t<\/div>\n\t\t\t\t<\/div>\n\t\t\t\t<\/div>\n\t\t\t\t\t<\/details>\n\t\t\t\t\t<\/div>\n\t\t\t\t\t\t<\/div>\n\t\t\t\t<\/div>\n\t\t\t\t\t<\/div>\n\t\t\t\t<\/div>\n\t\t\t\t<\/div>\n\t\t","protected":false},"excerpt":{"rendered":"<p>Tietosuoja- ja rekisteriseloste Rekisterinpit\u00e4j\u00e4 Drum Vision Oy, Nastolantie 22, 00600 Helsinki Rekisteriasioita hoitava henkil\u00f6 Aakusti Oksanen, aakusti [at] drumvision.fi Rekisterin nimi Drum Vision Oy:n liidi- ja asiakasrekisteri. Rekisterin k\u00e4ytt\u00f6tarkoitus Henkil\u00f6tietoja k\u00e4sitell\u00e4\u00e4n markkinointiin, asiakassuhteen hoitamiseen ja kehitt\u00e4miseen liittyen, laskutukseen, maksujen perint\u00e4\u00e4n, ja tilastollisiin tarkoituksiin. Suoramarkkinointiin tietoja k\u00e4ytet\u00e4\u00e4n vain voimassa olevan lains\u00e4\u00e4d\u00e4nn\u00f6n mukaisesti. Asiakkaalla on oikeus kielt\u00e4\u00e4 [&hellip;]<\/p>\n","protected":false},"author":3,"featured_media":0,"parent":0,"menu_order":0,"comment_status":"closed","ping_status":"closed","template":"","meta":{"footnotes":""},"class_list":["post-1796","page","type-page","status-publish","hentry"],"_links":{"self":[{"href":"https:\/\/drumvision.fi\/en\/wp-json\/wp\/v2\/pages\/1796","targetHints":{"allow":["GET"]}}],"collection":[{"href":"https:\/\/drumvision.fi\/en\/wp-json\/wp\/v2\/pages"}],"about":[{"href":"https:\/\/drumvision.fi\/en\/wp-json\/wp\/v2\/types\/page"}],"author":[{"embeddable":true,"href":"https:\/\/drumvision.fi\/en\/wp-json\/wp\/v2\/users\/3"}],"replies":[{"embeddable":true,"href":"https:\/\/drumvision.fi\/en\/wp-json\/wp\/v2\/comments?post=1796"}],"version-history":[{"count":76,"href":"https:\/\/drumvision.fi\/en\/wp-json\/wp\/v2\/pages\/1796\/revisions"}],"predecessor-version":[{"id":11866,"href":"https:\/\/drumvision.fi\/en\/wp-json\/wp\/v2\/pages\/1796\/revisions\/11866"}],"wp:attachment":[{"href":"https:\/\/drumvision.fi\/en\/wp-json\/wp\/v2\/media?parent=1796"}],"curies":[{"name":"wp","href":"https:\/\/api.w.org\/{rel}","templated":true}]}}