{"id":7100,"date":"2025-02-03T12:13:57","date_gmt":"2025-02-03T09:13:57","guid":{"rendered":"https:\/\/drumvision.fi\/?page_id=7100"},"modified":"2025-03-07T17:02:46","modified_gmt":"2025-03-07T14:02:46","slug":"on-the-media","status":"publish","type":"page","link":"https:\/\/drumvision.fi\/en\/julkaisut\/mediassa\/","title":{"rendered":"In the media"},"content":{"rendered":"\t\t<div data-elementor-type=\"wp-page\" data-elementor-id=\"7100\" class=\"elementor elementor-7100\" data-elementor-post-type=\"page\">\n\t\t\t\t<div class=\"elementor-element elementor-element-3741ee9 e-flex e-con-boxed e-con e-child\" data-id=\"3741ee9\" data-element_type=\"container\" data-e-type=\"container\" data-settings=\"{&quot;jet_parallax_layout_list&quot;:[]}\">\n\t\t\t\t\t<div class=\"e-con-inner\">\n\t\t\t\t<div class=\"elementor-element elementor-element-23a48e7 animated-slow elementor-widget-divider--view-line elementor-invisible elementor-widget elementor-widget-divider\" data-id=\"23a48e7\" data-element_type=\"widget\" data-e-type=\"widget\" data-settings=\"{&quot;_animation&quot;:&quot;fadeInUp&quot;}\" data-widget_type=\"divider.default\">\n\t\t\t\t<div class=\"elementor-widget-container\">\n\t\t\t\t\t\t\t<div class=\"elementor-divider\">\n\t\t\t<span class=\"elementor-divider-separator\">\n\t\t\t\t\t\t<\/span>\n\t\t<\/div>\n\t\t\t\t\t\t<\/div>\n\t\t\t\t<\/div>\n\t\t\t\t<div class=\"elementor-element elementor-element-b7ebd0e elementor-widget elementor-widget-heading\" data-id=\"b7ebd0e\" data-element_type=\"widget\" data-e-type=\"widget\" data-widget_type=\"heading.default\">\n\t\t\t\t<div class=\"elementor-widget-container\">\n\t\t\t\t\t<h1 class=\"elementor-heading-title elementor-size-default\">Mediassa<\/h1>\t\t\t\t<\/div>\n\t\t\t\t<\/div>\n\t\t\t\t\t<\/div>\n\t\t\t\t<\/div>\n\t\t<div class=\"elementor-element elementor-element-cfe57de e-flex e-con-boxed e-con e-parent\" data-id=\"cfe57de\" data-element_type=\"container\" data-e-type=\"container\" data-settings=\"{&quot;jet_parallax_layout_list&quot;:[]}\">\n\t\t\t\t\t<div class=\"e-con-inner\">\n\t\t<div class=\"elementor-element elementor-element-07d280a e-con-full e-flex e-con e-child\" data-id=\"07d280a\" data-element_type=\"container\" data-e-type=\"container\" data-settings=\"{&quot;jet_parallax_layout_list&quot;:[]}\">\n\t\t\t\t<div class=\"elementor-element elementor-element-d679ff7 elementor-widget elementor-widget-heading\" data-id=\"d679ff7\" data-element_type=\"widget\" data-e-type=\"widget\" data-widget_type=\"heading.default\">\n\t\t\t\t<div class=\"elementor-widget-container\">\n\t\t\t\t\t<h2 class=\"elementor-heading-title elementor-size-default\">YLEISRADIO<\/h2>\t\t\t\t<\/div>\n\t\t\t\t<\/div>\n\t\t\t\t<\/div>\n\t\t\t\t\t<\/div>\n\t\t\t\t<\/div>\n\t\t<div class=\"elementor-element elementor-element-e9358be e-flex e-con-boxed e-con e-parent\" data-id=\"e9358be\" data-element_type=\"container\" data-e-type=\"container\" data-settings=\"{&quot;jet_parallax_layout_list&quot;:[]}\">\n\t\t\t\t\t<div class=\"e-con-inner\">\n\t\t<div class=\"elementor-element elementor-element-72cbd58 e-con-full e-flex e-con e-child\" data-id=\"72cbd58\" data-element_type=\"container\" data-e-type=\"container\" data-settings=\"{&quot;jet_parallax_layout_list&quot;:[],&quot;background_background&quot;:&quot;classic&quot;}\">\n\t\t<div class=\"elementor-element elementor-element-d798700 e-con-full e-flex e-con e-child\" data-id=\"d798700\" data-element_type=\"container\" data-e-type=\"container\" data-settings=\"{&quot;jet_parallax_layout_list&quot;:[]}\">\n\t\t\t\t<div class=\"elementor-element elementor-element-2269fe3 elementor-widget elementor-widget-heading\" data-id=\"2269fe3\" data-element_type=\"widget\" data-e-type=\"widget\" data-widget_type=\"heading.default\">\n\t\t\t\t<div class=\"elementor-widget-container\">\n\t\t\t\t\t<h2 class=\"elementor-heading-title elementor-size-default\">Aristoteleen kantap\u00e4\u00e4<\/h2>\t\t\t\t<\/div>\n\t\t\t\t<\/div>\n\t\t\t\t<div class=\"elementor-element elementor-element-4e86b63 elementor-widget elementor-widget-heading\" data-id=\"4e86b63\" data-element_type=\"widget\" data-e-type=\"widget\" data-widget_type=\"heading.default\">\n\t\t\t\t<div class=\"elementor-widget-container\">\n\t\t\t\t\t<h2 class=\"elementor-heading-title elementor-size-default\">Rummun puhe <\/h2>\t\t\t\t<\/div>\n\t\t\t\t<\/div>\n\t\t\t\t<div class=\"elementor-element elementor-element-802488d elementor-widget__width-initial elementor-widget elementor-widget-text-editor\" data-id=\"802488d\" data-element_type=\"widget\" data-e-type=\"widget\" data-widget_type=\"text-editor.default\">\n\t\t\t\t<div class=\"elementor-widget-container\">\n\t\t\t\t\t\t\t\t\t<p>Pasi Heikura: &#8221;&#8230;sitten l\u00f6ytyy helsinkil\u00e4inen afrikkalaisen rummunsoiton opettaja Aakusti Oksanen, joka on opiskellut rumpujen soittoa Senegalissa, Guineassa ja Burkina Fasossa.<\/p><p>Koska h\u00e4n oli juuri l\u00e4hd\u00f6ss\u00e4 pariksi kuukaudeksi Burkina Fasoon opiskelemaan rummutusta p\u00e4\u00e4timme, ett\u00e4 h\u00e4n tutkii asiaa matkallaan lis\u00e4\u00e4.&#8221;\u00a0Helmikuu 2012.<\/p><p><span style=\"font-weight: 400;\"><strong>Klikkaa kuvaa ja kuuntele haastattelu YLEn sivulla kohdassa 4.10\u201319.50<\/strong> \ud83d\udc49\ud83d\udc49\ud83d\udc49<\/span><\/p>\t\t\t\t\t\t\t\t<\/div>\n\t\t\t\t<\/div>\n\t\t\t\t<\/div>\n\t\t<div class=\"elementor-element elementor-element-414dc4d e-con-full e-flex e-con e-child\" data-id=\"414dc4d\" data-element_type=\"container\" data-e-type=\"container\" data-settings=\"{&quot;jet_parallax_layout_list&quot;:[]}\">\n\t\t\t\t<div class=\"elementor-element elementor-element-6a62472 elementor-widget elementor-widget-image\" data-id=\"6a62472\" data-element_type=\"widget\" data-e-type=\"widget\" data-widget_type=\"image.default\">\n\t\t\t\t<div class=\"elementor-widget-container\">\n\t\t\t\t\t\t\t\t\t\t\t\t\t\t\t\t<a href=\"https:\/\/yle.fi\/aihe\/a\/20-65898\" target=\"_blank\" rel=\"noopener\">\n\t\t\t\t\t\t\t<img fetchpriority=\"high\" decoding=\"async\" width=\"768\" height=\"432\" src=\"https:\/\/drumvision.fi\/wp-content\/uploads\/2025\/02\/YLE_Aristoteleen-kantapaa-Rummun-puhe_pasi-heikura_aakusti-768x432.jpg\" class=\"attachment-medium_large size-medium_large wp-image-7121\" alt=\"\" \/>\t\t\t\t\t\t\t\t<\/a>\n\t\t\t\t\t\t\t\t\t\t\t\t\t\t\t<\/div>\n\t\t\t\t<\/div>\n\t\t\t\t<\/div>\n\t\t\t\t<\/div>\n\t\t\t\t\t<\/div>\n\t\t\t\t<\/div>\n\t\t<div class=\"elementor-element elementor-element-978ef62 e-flex e-con-boxed e-con e-parent\" data-id=\"978ef62\" data-element_type=\"container\" data-e-type=\"container\" data-settings=\"{&quot;jet_parallax_layout_list&quot;:[]}\">\n\t\t\t\t\t<div class=\"e-con-inner\">\n\t\t<div class=\"elementor-element elementor-element-56109c4 e-con-full e-flex e-con e-child\" data-id=\"56109c4\" data-element_type=\"container\" data-e-type=\"container\" data-settings=\"{&quot;jet_parallax_layout_list&quot;:[],&quot;background_background&quot;:&quot;classic&quot;}\">\n\t\t<div class=\"elementor-element elementor-element-3c735bf e-con-full e-flex e-con e-child\" data-id=\"3c735bf\" data-element_type=\"container\" data-e-type=\"container\" data-settings=\"{&quot;jet_parallax_layout_list&quot;:[]}\">\n\t\t\t\t<div class=\"elementor-element elementor-element-6886760 elementor-widget elementor-widget-heading\" data-id=\"6886760\" data-element_type=\"widget\" data-e-type=\"widget\" data-widget_type=\"heading.default\">\n\t\t\t\t<div class=\"elementor-widget-container\">\n\t\t\t\t\t<h2 class=\"elementor-heading-title elementor-size-default\">Tuuli Saksalan Keidas<\/h2>\t\t\t\t<\/div>\n\t\t\t\t<\/div>\n\t\t\t\t<div class=\"elementor-element elementor-element-c30a8cd elementor-widget elementor-widget-heading\" data-id=\"c30a8cd\" data-element_type=\"widget\" data-e-type=\"widget\" data-widget_type=\"heading.default\">\n\t\t\t\t<div class=\"elementor-widget-container\">\n\t\t\t\t\t<h2 class=\"elementor-heading-title elementor-size-default\">Paradox Box: improvisaatiosta \n<\/h2>\t\t\t\t<\/div>\n\t\t\t\t<\/div>\n\t\t\t\t<div class=\"elementor-element elementor-element-cb33bb3 elementor-widget__width-initial elementor-widget elementor-widget-text-editor\" data-id=\"cb33bb3\" data-element_type=\"widget\" data-e-type=\"widget\" data-widget_type=\"text-editor.default\">\n\t\t\t\t<div class=\"elementor-widget-container\">\n\t\t\t\t\t\t\t\t\t<p><span style=\"font-weight: 400;\">Tuuli Saksala haastattelee Paradox Box yhtyeen artisteja. Multimedia-artisti Niko Tiainen ja muusikot Eero Savela ja Aakusti Oksanen puhuvat improvisaatiosta ja ty\u00f6ns\u00e4 sis\u00e4ll\u00f6ist\u00e4. Kes\u00e4kuu 2021.<\/span><\/p><p><span style=\"font-weight: 400;\"><strong>Klikkaa kuvaketta ja kuuntele haastattelu<\/strong>\u00a0\ud83d\udc49\ud83d\udc49\ud83d\udc49<\/span><\/p>\t\t\t\t\t\t\t\t<\/div>\n\t\t\t\t<\/div>\n\t\t\t\t<\/div>\n\t\t<div class=\"elementor-element elementor-element-243ae70 e-con-full e-flex e-con e-child\" data-id=\"243ae70\" data-element_type=\"container\" data-e-type=\"container\" data-settings=\"{&quot;jet_parallax_layout_list&quot;:[]}\">\n\t\t\t\t<div class=\"elementor-element elementor-element-5e53df6 elementor-widget elementor-widget-video\" data-id=\"5e53df6\" data-element_type=\"widget\" data-e-type=\"widget\" data-settings=\"{&quot;youtube_url&quot;:&quot;https:\\\/\\\/www.youtube.com\\\/watch?v=TyONkd4UvbU&quot;,&quot;video_type&quot;:&quot;youtube&quot;,&quot;controls&quot;:&quot;yes&quot;}\" data-widget_type=\"video.default\">\n\t\t\t\t<div class=\"elementor-widget-container\">\n\t\t\t\t\t\t\t<div class=\"elementor-wrapper elementor-open-inline\">\n\t\t\t<div class=\"elementor-video\"><\/div>\t\t<\/div>\n\t\t\t\t\t\t<\/div>\n\t\t\t\t<\/div>\n\t\t\t\t<\/div>\n\t\t\t\t<\/div>\n\t\t\t\t\t<\/div>\n\t\t\t\t<\/div>\n\t\t<div class=\"elementor-element elementor-element-7842325 e-flex e-con-boxed e-con e-parent\" data-id=\"7842325\" data-element_type=\"container\" data-e-type=\"container\" data-settings=\"{&quot;jet_parallax_layout_list&quot;:[]}\">\n\t\t\t\t\t<div class=\"e-con-inner\">\n\t\t<div class=\"elementor-element elementor-element-baea2ee e-con-full e-flex e-con e-child\" data-id=\"baea2ee\" data-element_type=\"container\" data-e-type=\"container\" data-settings=\"{&quot;jet_parallax_layout_list&quot;:[],&quot;background_background&quot;:&quot;classic&quot;}\">\n\t\t<div class=\"elementor-element elementor-element-14f7ba8 e-con-full e-flex e-con e-child\" data-id=\"14f7ba8\" data-element_type=\"container\" data-e-type=\"container\" data-settings=\"{&quot;jet_parallax_layout_list&quot;:[]}\">\n\t\t\t\t<div class=\"elementor-element elementor-element-2e87f6e elementor-widget elementor-widget-heading\" data-id=\"2e87f6e\" data-element_type=\"widget\" data-e-type=\"widget\" data-widget_type=\"heading.default\">\n\t\t\t\t<div class=\"elementor-widget-container\">\n\t\t\t\t\t<h2 class=\"elementor-heading-title elementor-size-default\">Kiasmassa soi viikonloppuna Djembe<\/h2>\t\t\t\t<\/div>\n\t\t\t\t<\/div>\n\t\t\t\t<div class=\"elementor-element elementor-element-1e3b2a1 elementor-widget elementor-widget-text-editor\" data-id=\"1e3b2a1\" data-element_type=\"widget\" data-e-type=\"widget\" data-widget_type=\"text-editor.default\">\n\t\t\t\t<div class=\"elementor-widget-container\">\n\t\t\t\t\t\t\t\t\t<p><span style=\"font-weight: 400;\">Kiasma juhlii viikonloppuna 13-vuotissyntym\u00e4p\u00e4ivi\u00e4\u00e4n muun muassa afrikkalaisella rummutuksella. Toukokuu 2011.<\/span><\/p><p><span style=\"font-weight: 400;\"><strong>Klikkaa kuvaa ja lue juttu YLEn sivulta<\/strong>\u00a0\ud83d\udc49\ud83d\udc49\ud83d\udc49<\/span><\/p>\t\t\t\t\t\t\t\t<\/div>\n\t\t\t\t<\/div>\n\t\t\t\t<\/div>\n\t\t<div class=\"elementor-element elementor-element-6490fe8 e-con-full e-flex e-con e-child\" data-id=\"6490fe8\" data-element_type=\"container\" data-e-type=\"container\" data-settings=\"{&quot;jet_parallax_layout_list&quot;:[]}\">\n\t\t\t\t<div class=\"elementor-element elementor-element-3bf0dd8 elementor-widget elementor-widget-image\" data-id=\"3bf0dd8\" data-element_type=\"widget\" data-e-type=\"widget\" data-widget_type=\"image.default\">\n\t\t\t\t<div class=\"elementor-widget-container\">\n\t\t\t\t\t\t\t\t\t\t\t\t\t\t\t\t<a href=\"https:\/\/yle.fi\/a\/3-5367163\" target=\"_blank\" rel=\"noopener\">\n\t\t\t\t\t\t\t<img decoding=\"async\" width=\"636\" height=\"357\" src=\"https:\/\/drumvision.fi\/wp-content\/uploads\/2025\/02\/KIASMA_Aakusti-ja-djembe_Kiasmassa-soi-viikonloppuna-djembe_artikkeli_13-3-5366763.jpeg\" class=\"attachment-medium_large size-medium_large wp-image-7172\" alt=\"\" \/>\t\t\t\t\t\t\t\t<\/a>\n\t\t\t\t\t\t\t\t\t\t\t\t\t\t\t<\/div>\n\t\t\t\t<\/div>\n\t\t\t\t<\/div>\n\t\t\t\t<\/div>\n\t\t\t\t\t<\/div>\n\t\t\t\t<\/div>\n\t\t<div class=\"elementor-element elementor-element-7e15835 e-flex e-con-boxed e-con e-parent\" data-id=\"7e15835\" data-element_type=\"container\" data-e-type=\"container\" data-settings=\"{&quot;jet_parallax_layout_list&quot;:[]}\">\n\t\t\t\t\t<div class=\"e-con-inner\">\n\t\t\t\t<div class=\"elementor-element elementor-element-4b32555 elementor-widget elementor-widget-menu-anchor\" data-id=\"4b32555\" data-element_type=\"widget\" data-e-type=\"widget\" data-widget_type=\"menu-anchor.default\">\n\t\t\t\t<div class=\"elementor-widget-container\">\n\t\t\t\t\t\t\t<div class=\"elementor-menu-anchor\" id=\"helsinginsanomat\"><\/div>\n\t\t\t\t\t\t<\/div>\n\t\t\t\t<\/div>\n\t\t\t\t\t<\/div>\n\t\t\t\t<\/div>\n\t\t<div class=\"elementor-element elementor-element-0067c5a e-flex e-con-boxed e-con e-parent\" data-id=\"0067c5a\" data-element_type=\"container\" data-e-type=\"container\" data-settings=\"{&quot;jet_parallax_layout_list&quot;:[]}\">\n\t\t\t\t\t<div class=\"e-con-inner\">\n\t\t<div class=\"elementor-element elementor-element-a4384d4 e-con-full e-flex e-con e-child\" data-id=\"a4384d4\" data-element_type=\"container\" data-e-type=\"container\" data-settings=\"{&quot;jet_parallax_layout_list&quot;:[]}\">\n\t\t\t\t<div class=\"elementor-element elementor-element-393fe1b elementor-widget elementor-widget-heading\" data-id=\"393fe1b\" data-element_type=\"widget\" data-e-type=\"widget\" data-widget_type=\"heading.default\">\n\t\t\t\t<div class=\"elementor-widget-container\">\n\t\t\t\t\t<h2 class=\"elementor-heading-title elementor-size-default\">Helsingin Sanomat<\/h2>\t\t\t\t<\/div>\n\t\t\t\t<\/div>\n\t\t\t\t<\/div>\n\t\t\t\t\t<\/div>\n\t\t\t\t<\/div>\n\t\t<div class=\"elementor-element elementor-element-f2293e8 e-flex e-con-boxed e-con e-parent\" data-id=\"f2293e8\" data-element_type=\"container\" data-e-type=\"container\" data-settings=\"{&quot;jet_parallax_layout_list&quot;:[]}\">\n\t\t\t\t\t<div class=\"e-con-inner\">\n\t\t<div class=\"elementor-element elementor-element-005257d e-con-full e-flex e-con e-child\" data-id=\"005257d\" data-element_type=\"container\" data-e-type=\"container\" data-settings=\"{&quot;jet_parallax_layout_list&quot;:[],&quot;background_background&quot;:&quot;classic&quot;}\">\n\t\t<div class=\"elementor-element elementor-element-c9ab50f e-con-full e-flex e-con e-child\" data-id=\"c9ab50f\" data-element_type=\"container\" data-e-type=\"container\" data-settings=\"{&quot;jet_parallax_layout_list&quot;:[]}\">\n\t\t\t\t<div class=\"elementor-element elementor-element-e34265f elementor-widget elementor-widget-heading\" data-id=\"e34265f\" data-element_type=\"widget\" data-e-type=\"widget\" data-widget_type=\"heading.default\">\n\t\t\t\t<div class=\"elementor-widget-container\">\n\t\t\t\t\t<h2 class=\"elementor-heading-title elementor-size-default\">Mestarin kipakassa koulussa<\/h2>\t\t\t\t<\/div>\n\t\t\t\t<\/div>\n\t\t\t\t<div class=\"elementor-element elementor-element-97d073f elementor-widget elementor-widget-heading\" data-id=\"97d073f\" data-element_type=\"widget\" data-e-type=\"widget\" data-widget_type=\"heading.default\">\n\t\t\t\t<div class=\"elementor-widget-container\">\n\t\t\t\t\t<h2 class=\"elementor-heading-title elementor-size-default\">Zoumana Dembelen ja Aakusti Oksasen haastattelu<\/h2>\t\t\t\t<\/div>\n\t\t\t\t<\/div>\n\t\t\t\t<div class=\"elementor-element elementor-element-6192959 elementor-widget__width-initial elementor-widget elementor-widget-text-editor\" data-id=\"6192959\" data-element_type=\"widget\" data-e-type=\"widget\" data-widget_type=\"text-editor.default\">\n\t\t\t\t<div class=\"elementor-widget-container\">\n\t\t\t\t\t\t\t\t\t<p><span style=\"font-weight: 400;\">Zoumana Dembele\u00a0 on griotti \u2013 l\u00e4nsiafrikkalaisen perinnemusiikin taitaja ja sukupolvelta toiselle siirtyv\u00e4n tradition jatkaja. Dembelell\u00e4 on lukuisia oppipoikia kotimaassaan Burkina Fasossa ja eri puolilla Eurooppaa. Yksi heist\u00e4 on helsinkil\u00e4inen Aakusti Oksanen, jonka luona Dembele on parhaillaan jokavuotisella vierailullaan. Kes\u00e4kuu 2012.<\/span><\/p><p><span style=\"font-weight: 400;\"><strong>Klikkaa kuvaa ja lue juttu HS sivulta<\/strong> \ud83d\udc49\ud83d\udc49\ud83d\udc49<\/span><\/p>\t\t\t\t\t\t\t\t<\/div>\n\t\t\t\t<\/div>\n\t\t\t\t<\/div>\n\t\t<div class=\"elementor-element elementor-element-d6e7db4 e-con-full e-flex e-con e-child\" data-id=\"d6e7db4\" data-element_type=\"container\" data-e-type=\"container\" data-settings=\"{&quot;jet_parallax_layout_list&quot;:[]}\">\n\t\t\t\t<div class=\"elementor-element elementor-element-438ef45 elementor-widget elementor-widget-image\" data-id=\"438ef45\" data-element_type=\"widget\" data-e-type=\"widget\" data-widget_type=\"image.default\">\n\t\t\t\t<div class=\"elementor-widget-container\">\n\t\t\t\t\t\t\t\t\t\t\t\t\t\t\t\t<a href=\"https:\/\/www.hs.fi\/ihmisia\/art-2000002539494.html\" target=\"_blank\" rel=\"noopener\">\n\t\t\t\t\t\t\t<img decoding=\"async\" width=\"658\" height=\"424\" src=\"https:\/\/drumvision.fi\/wp-content\/uploads\/2025\/02\/HS_kuva_Mestarin-kipakassa-koulussa.jpg\" class=\"attachment-medium_large size-medium_large wp-image-7191\" alt=\"\" \/>\t\t\t\t\t\t\t\t<\/a>\n\t\t\t\t\t\t\t\t\t\t\t\t\t\t\t<\/div>\n\t\t\t\t<\/div>\n\t\t\t\t<\/div>\n\t\t\t\t<\/div>\n\t\t\t\t\t<\/div>\n\t\t\t\t<\/div>\n\t\t<div class=\"elementor-element elementor-element-d49d431 e-flex e-con-boxed e-con e-parent\" data-id=\"d49d431\" data-element_type=\"container\" data-e-type=\"container\" data-settings=\"{&quot;jet_parallax_layout_list&quot;:[]}\">\n\t\t\t\t\t<div class=\"e-con-inner\">\n\t\t<div class=\"elementor-element elementor-element-cedf1a2 e-con-full e-flex e-con e-child\" data-id=\"cedf1a2\" data-element_type=\"container\" data-e-type=\"container\" data-settings=\"{&quot;jet_parallax_layout_list&quot;:[]}\">\n\t\t\t\t<div class=\"elementor-element elementor-element-a47fe02 elementor-widget elementor-widget-template\" data-id=\"a47fe02\" data-element_type=\"widget\" data-e-type=\"widget\" data-widget_type=\"template.default\">\n\t\t\t\t<div class=\"elementor-widget-container\">\n\t\t\t\t\t\t\t<div class=\"elementor-template\">\n\t\t\t\t\t<div data-elementor-type=\"container\" data-elementor-id=\"2484\" class=\"elementor elementor-2484\" data-elementor-post-type=\"elementor_library\">\n\t\t\t\t<div class=\"elementor-element elementor-element-a716829 e-con-full e-flex e-con e-child\" data-id=\"a716829\" data-element_type=\"container\" data-e-type=\"container\" data-settings=\"{&quot;background_background&quot;:&quot;classic&quot;,&quot;jet_parallax_layout_list&quot;:[]}\">\n\t\t\t\t<div class=\"elementor-element elementor-element-7dab43f elementor-widget elementor-widget-heading\" data-id=\"7dab43f\" data-element_type=\"widget\" data-e-type=\"widget\" data-widget_type=\"heading.default\">\n\t\t\t\t<div class=\"elementor-widget-container\">\n\t\t\t\t\t<h2 class=\"elementor-heading-title elementor-size-default\">LATAA IDEAT\u00a0JOHTAMISEEN\n<\/h2>\t\t\t\t<\/div>\n\t\t\t\t<\/div>\n\t\t\t\t<div class=\"elementor-element elementor-element-1e150d8 elementor-widget elementor-widget-text-editor\" data-id=\"1e150d8\" data-element_type=\"widget\" data-e-type=\"widget\" data-widget_type=\"text-editor.default\">\n\t\t\t\t<div class=\"elementor-widget-container\">\n\t\t\t\t\t\t\t\t\t<p>\u00a0<\/p><p><strong>Miten mahdollistat onnistumisen? <\/strong><\/p><p><span style=\"font-weight: 400;\">Verkostoni jakaa parhaat oivalluksensa<\/span><span style=\"font-weight: 400;\">\u00a0<em>719 vuoden <\/em>johtamiskokemuksella.\u00a0<\/span><\/p><p><strong>Nappaa raportin painetestatut vinkit t\u00e4st\u00e4<\/strong><\/p>\t\t\t\t\t\t\t\t<\/div>\n\t\t\t\t<\/div>\n\t\t<div class=\"elementor-element elementor-element-2d748a9 e-con-full e-flex e-con e-child\" data-id=\"2d748a9\" data-element_type=\"container\" data-e-type=\"container\" data-settings=\"{&quot;jet_parallax_layout_list&quot;:[]}\">\n\t\t\t\t<div class=\"elementor-element elementor-element-6a0270b elementor-button-align-stretch elementor-widget elementor-widget-form\" data-id=\"6a0270b\" data-element_type=\"widget\" data-e-type=\"widget\" data-settings=\"{&quot;button_width&quot;:&quot;30&quot;,&quot;step_next_label&quot;:&quot;Next&quot;,&quot;step_previous_label&quot;:&quot;Previous&quot;,&quot;step_type&quot;:&quot;number_text&quot;,&quot;step_icon_shape&quot;:&quot;circle&quot;}\" data-widget_type=\"form.default\">\n\t\t\t\t<div class=\"elementor-widget-container\">\n\t\t\t\t\t\t\t<form class=\"elementor-form\" method=\"post\" name=\"Lataa ideat johtamiseen\" aria-label=\"Lataa ideat johtamiseen\">\n\t\t\t<input type=\"hidden\" name=\"post_id\" value=\"2484\"\/>\n\t\t\t<input type=\"hidden\" name=\"form_id\" value=\"6a0270b\"\/>\n\t\t\t<input type=\"hidden\" name=\"referer_title\" value=\"Musiikki - Drum Vision Oy\" \/>\n\n\t\t\t\t\t\t\t<input type=\"hidden\" name=\"queried_id\" value=\"6945\"\/>\n\t\t\t\n\t\t\t<div class=\"elementor-form-fields-wrapper elementor-labels-above\">\n\t\t\t\t\t\t\t\t<div class=\"elementor-field-type-email elementor-field-group elementor-column elementor-field-group-email elementor-col-70 elementor-field-required\">\n\t\t\t\t\t\t\t\t\t\t\t\t\t<input size=\"1\" type=\"email\" name=\"form_fields[email]\" id=\"form-field-email\" class=\"elementor-field elementor-size-sm  elementor-field-textual\" placeholder=\"S\u00e4hk\u00f6postiosoitteesi\" required=\"required\">\n\t\t\t\t\t\t\t\t\t\t\t<\/div>\n\t\t\t\t\t\t\t\t<div class=\"elementor-field-group elementor-column elementor-field-type-submit elementor-col-30 e-form__buttons\">\n\t\t\t\t\t<button class=\"elementor-button elementor-size-sm\" type=\"submit\">\n\t\t\t\t\t\t<span class=\"elementor-button-content-wrapper\">\n\t\t\t\t\t\t\t\t\t\t\t\t\t\t\t\t\t\t\t\t\t\t<span class=\"elementor-button-text\">L\u00e4het\u00e4<\/span>\n\t\t\t\t\t\t\t\t\t\t\t\t\t<\/span>\n\t\t\t\t\t<\/button>\n\t\t\t\t<\/div>\n\t\t\t<\/div>\n\t\t<\/form>\n\t\t\t\t\t\t<\/div>\n\t\t\t\t<\/div>\n\t\t\t\t<\/div>\n\t\t\t\t<\/div>\n\t\t\t\t<\/div>\n\t\t\t\t<\/div>\n\t\t\t\t\t\t<\/div>\n\t\t\t\t<\/div>\n\t\t\t\t<\/div>\n\t\t\t\t\t<\/div>\n\t\t\t\t<\/div>\n\t\t\t\t<\/div>\n\t\t","protected":false},"excerpt":{"rendered":"<p>Mediassa YLEISRADIO Aristoteleen kantap\u00e4\u00e4 Rummun puhe Pasi Heikura: &#8221;&#8230;sitten l\u00f6ytyy helsinkil\u00e4inen afrikkalaisen rummunsoiton opettaja Aakusti Oksanen, joka on opiskellut rumpujen soittoa Senegalissa, Guineassa ja Burkina Fasossa. Koska h\u00e4n oli juuri l\u00e4hd\u00f6ss\u00e4 pariksi kuukaudeksi Burkina Fasoon opiskelemaan rummutusta p\u00e4\u00e4timme, ett\u00e4 h\u00e4n tutkii asiaa matkallaan lis\u00e4\u00e4.&#8221;\u00a0Helmikuu 2012. Klikkaa kuvaa ja kuuntele haastattelu YLEn sivulla kohdassa 4.10\u201319.50 \ud83d\udc49\ud83d\udc49\ud83d\udc49 [&hellip;]<\/p>\n","protected":false},"author":5,"featured_media":0,"parent":663,"menu_order":0,"comment_status":"closed","ping_status":"closed","template":"","meta":{"footnotes":""},"class_list":["post-7100","page","type-page","status-publish","hentry"],"_links":{"self":[{"href":"https:\/\/drumvision.fi\/en\/wp-json\/wp\/v2\/pages\/7100","targetHints":{"allow":["GET"]}}],"collection":[{"href":"https:\/\/drumvision.fi\/en\/wp-json\/wp\/v2\/pages"}],"about":[{"href":"https:\/\/drumvision.fi\/en\/wp-json\/wp\/v2\/types\/page"}],"author":[{"embeddable":true,"href":"https:\/\/drumvision.fi\/en\/wp-json\/wp\/v2\/users\/5"}],"replies":[{"embeddable":true,"href":"https:\/\/drumvision.fi\/en\/wp-json\/wp\/v2\/comments?post=7100"}],"version-history":[{"count":109,"href":"https:\/\/drumvision.fi\/en\/wp-json\/wp\/v2\/pages\/7100\/revisions"}],"predecessor-version":[{"id":9845,"href":"https:\/\/drumvision.fi\/en\/wp-json\/wp\/v2\/pages\/7100\/revisions\/9845"}],"up":[{"embeddable":true,"href":"https:\/\/drumvision.fi\/en\/wp-json\/wp\/v2\/pages\/663"}],"wp:attachment":[{"href":"https:\/\/drumvision.fi\/en\/wp-json\/wp\/v2\/media?parent=7100"}],"curies":[{"name":"wp","href":"https:\/\/api.w.org\/{rel}","templated":true}]}}